{"id":3868,"date":"2025-04-09T12:44:27","date_gmt":"2025-04-09T12:44:27","guid":{"rendered":"https:\/\/cmacademy.events\/news-in-conference-manager\/"},"modified":"2026-03-13T14:37:44","modified_gmt":"2026-03-13T14:37:44","slug":"news-in-conference-manager","status":"publish","type":"page","link":"https:\/\/cmacademy.events\/de\/news-in-conference-manager\/","title":{"rendered":"Neuigkeiten in Conference Manager"},"content":{"rendered":"\n<style> \n  \/* Titel\/Header auf News (post-3678), Front Page (post-3895), d\u00e4nische News (post-3866) und deutsche News (post-3868) ausblenden *\/\n  article#post-3678 > header.entry-header,\n  article#post-3678 h1.entry-title,\n  article#post-3895 > header.entry-header,\n  article#post-3895 h1.entry-title,\n  article#post-3866 > header.entry-header,\n  article#post-3866 h1.entry-title,\n  article#post-3868 > header.entry-header,\n  article#post-3868 h1.entry-title {\n    display: none !important;\n  }\n\n  \/* Einheitlicher Abstand nach ausgeblendeter Header *\/\n  article#post-3678 .entry-content,\n  article#post-3895 .entry-content,\n  article#post-3866 .entry-content,\n  article#post-3868 .entry-content {\n    margin-top: 60px;\n  }\n<\/style>\n\n<div style=\"font-family: 'Titillium Web', sans-serif; color: white; line-height: 1.6; max-width: 700px; margin: 0 auto; text-align: left;\">\n\n  <h2 style=\"color: #9CCC3D; font-size: 1.8rem;\">Neuigkeiten in Conference Manager<\/h2>\n\n<!-- NEW SECTION: Push notifications -->\n<h3 style=\"color: #9CCC3D; font-size: 1.2rem;\">13.03.2026: Push-Benachrichtigungen jetzt in der CM Events App verf\u00fcgbar<\/h3>\n<p>\n  Die <strong>CM Events App<\/strong> unterst\u00fctzt jetzt Push-Benachrichtigungen. Teilnehmer k\u00f6nnen Erinnerungen erhalten, bevor ein Event beginnt, damit sie wichtige Sessions nicht verpassen und den \u00dcberblick \u00fcber das Programm behalten.\n<\/p>\n<p>\n  Benachrichtigungen k\u00f6nnen auf <strong>30 Minuten, 1 Stunde, 3 Stunden oder 1 Tag<\/strong> vor Beginn des Events eingestellt werden.\n<\/p>\n<p>\n  Mehr erfahren Sie\n  <a href=\"https:\/\/cmacademy.events\/de\/knowledge-base\/push-notifications-now-available-in-cm-events-app\/\" class=\"custom-link\">hier<\/a>.\n<\/p>\n\n<!-- NEW SECTION: Accommodation tab update -->\n<h3 style=\"color: #9CCC3D; font-size: 1.2rem;\">15.01.2026: Aktualisiertes Design des \u00dcbernachtung-Tabs<\/h3>\n<p>\n  Der <strong>\u00dcbernachtung<\/strong>-Tab ist mit einem klareren und benutzerfreundlicheren Layout aktualisiert worden.\n  Alle bekannten Funktionen bleiben exakt gleich, aber die Struktur wurde verbessert.\n<\/p>\n<p>\n  Lesen Sie mehr\n  <a href=\"https:\/\/cmacademy.events\/de\/knowledge-base\/aktualisierung-des-ubernachtung-tabs\/\" class=\"custom-link\">hier<\/a>.\n<\/p>\n\n\n<!-- NEUER ABSCHNITT: Veranstaltungskategorie -->\n<h3 style=\"color: #9CCC3D; font-size: 1.2rem;\">Veranstaltungskategorie bei Erstellung w\u00e4hlen<\/h3>\n<p>\n  Sie m\u00fcssen jetzt <strong>Veranstaltungskategorie<\/strong> w\u00e4hlen, wenn Sie eine neue Veranstaltung in Conference Manager erstellen.  \n  Mehr dazu lesen Sie \n  <a href=\"https:\/\/cmacademy.events\/de\/knowledge-base\/wahlen-sie-eine-veranstaltungskategorie-beim-erstellen-einer-veranstaltung-in-conference-manager\/\" class=\"custom-link\">hier<\/a>.\n<\/p>\n\n\n<!-- Neue Sektion: Aktualisiertes Webinar-Tab -->\n<h3 style=\"color: #9CCC3D; font-size: 1.2rem;\">Aktualisiertes Design des Webinar-Tabs<\/h3>\n<p>\n Das <strong>Webinar<\/strong>-Tab hat ein aktualisiertes und benutzerfreundlicheres Layout erhalten.  \nAlle bekannten Funktionen bleiben erhalten, aber die Struktur wurde verbessert, sodass Sie einen klareren \u00dcberblick \u00fcber Ihre Webinare erhalten.\n\n<\/p>\n<p>\n  Mehr dazu lesen Sie \n  <a href=\"https:\/\/cmacademy.events\/de\/knowledge-base\/update-des-webinar-tabs\/\" class=\"custom-link\">hier<\/a>.\n<\/p>\n\n<!-- NEUER ABSCHNITT: CM Events App -->\n<h3 style=\"color: #9CCC3D; font-size: 1.2rem;\">Die CM Events App wird aktualisiert<\/h3>\n<p>\n  Die <strong>CM Events App<\/strong> erh\u00e4lt ein neues, \u00fcbersichtlicheres Design mit einer intelligenteren Navigation und einer noch intuitiveren Benutzererfahrung f\u00fcr Teilnehmende.  \n  Das Update f\u00fchrt eine integrierte FAQ, eine verbesserte Event\u00fcbersicht und einen schnelleren Zugriff auf Tickets und wichtige Informationen ein.\n<\/p>\n<p>\n  Lesen Sie mehr \n  <a href=\"https:\/\/cmacademy.events\/de\/knowledge-base\/die-cm-events-app-erhalt-ein-update\/\" class=\"custom-link\">hier<\/a>.\n<\/p>\n\n\n\n  <!-- News: Website-Tab neu gestaltet -->\n  <h3 style=\"color: #9CCC3D; font-size: 1.2rem;\">\u00dcberarbeitetes Design des Website-Tabs<\/h3>\n<p>\n  Der <strong>Website<\/strong>-Tab hat ein neues Layout erhalten!<br>\n  Alle bekannten Funktionen sind weiterhin verf\u00fcgbar, werden nun aber in einer neuen, strukturierten und benutzerfreundlichen Anordnung pr\u00e4sentiert.\n<\/p>\n\n  <p>\n    Lesen Sie mehr\n    <a href=\"https:\/\/cmacademy.events\/de\/knowledge-base\/ueberarbeitetes-design-des-website-tabs\/\" class=\"custom-link\">hier<\/a>.\n  <\/p>\n\n  <!-- News: Zwei-Faktor-Authentifizierung -->\n  <h3 style=\"color: #9CCC3D; font-size: 1.2rem;\">Zwei-Faktor jetzt per Authenticator-App<\/h3>\n  <p>\n    F\u00fcr zus\u00e4tzliche Kontosicherheit verwendet Conference Manager jetzt eine Authenticator-App f\u00fcr den Zwei-Faktor-Login.<br>\n    Anstelle einer SMS best\u00e4tigen Sie mit einem 6-stelligen Code aus der App \u2013 einfach, sicher und jederzeit verf\u00fcgbar.\n  <\/p>\n  <p>\n    Lesen Sie, wie Sie die Funktion einrichten \n    <a href=\"https:\/\/cmacademy.events\/de\/knowledge-base\/zwei-faktor-authentifizierung-mit-einer-authentifizierungs-app-einrichten\/\" class=\"custom-link\">hier<\/a>.\n  <\/p>\n\n<!-- Allgemeine Info -->\n<h3 style=\"color: #9CCC3D; font-size: 1.2rem;\">Haben Sie Fragen?<\/h3>\n<p>\n  Wenn Sie Fragen haben oder Unterst\u00fctzung ben\u00f6tigen, k\u00f6nnen Sie uns jederzeit \n  <a href=\"https:\/\/cmacademy.events\/de\/customer-success-kontaktieren\/\" class=\"custom-link\">kontaktieren<\/a>.\n<\/p>\n\n\n<\/div>\n\n<style>\n  \/* Styling f\u00fcr Links in den News-Sektionen *\/\n  .custom-link:link,\n  .custom-link:visited {\n    color: #9CCC3D;\n    text-decoration: none;\n    transition: color 0.3s ease;\n  }\n\n  .custom-link:hover {\n    color: #1f364d;\n    text-decoration: none;\n  }\n<\/style>\n","protected":false},"excerpt":{"rendered":"<p>Neuigkeiten in Conference Manager 13.03.2026: Push-Benachrichtigungen jetzt in der CM Events App verf\u00fcgbar Die CM Events App unterst\u00fctzt jetzt Push-Benachrichtigungen. Teilnehmer k\u00f6nnen Erinnerungen erhalten, bevor ein Event beginnt, damit sie wichtige Sessions nicht verpassen und den \u00dcberblick \u00fcber das Programm behalten. Benachrichtigungen k\u00f6nnen auf 30 Minuten, 1 Stunde, 3 Stunden oder 1 Tag vor Beginn &hellip; <\/p>\n<p class=\"link-more\"><a href=\"https:\/\/cmacademy.events\/de\/news-in-conference-manager\/\" class=\"more-link\"><span class=\"screen-reader-text\">\u201eNeuigkeiten in Conference Manager\u201c<\/span> weiterlesen<\/a><\/p>\n","protected":false},"author":6,"featured_media":0,"parent":0,"menu_order":0,"comment_status":"closed","ping_status":"closed","template":"","meta":{"footnotes":""},"class_list":["post-3868","page","type-page","status-publish","hentry","entry"],"_links":{"self":[{"href":"https:\/\/cmacademy.events\/de\/wp-json\/wp\/v2\/pages\/3868","targetHints":{"allow":["GET"]}}],"collection":[{"href":"https:\/\/cmacademy.events\/de\/wp-json\/wp\/v2\/pages"}],"about":[{"href":"https:\/\/cmacademy.events\/de\/wp-json\/wp\/v2\/types\/page"}],"author":[{"embeddable":true,"href":"https:\/\/cmacademy.events\/de\/wp-json\/wp\/v2\/users\/6"}],"replies":[{"embeddable":true,"href":"https:\/\/cmacademy.events\/de\/wp-json\/wp\/v2\/comments?post=3868"}],"version-history":[{"count":37,"href":"https:\/\/cmacademy.events\/de\/wp-json\/wp\/v2\/pages\/3868\/revisions"}],"predecessor-version":[{"id":12668,"href":"https:\/\/cmacademy.events\/de\/wp-json\/wp\/v2\/pages\/3868\/revisions\/12668"}],"wp:attachment":[{"href":"https:\/\/cmacademy.events\/de\/wp-json\/wp\/v2\/media?parent=3868"}],"curies":[{"name":"wp","href":"https:\/\/api.w.org\/{rel}","templated":true}]}}