{"id":3870,"date":"2025-04-09T12:44:27","date_gmt":"2025-04-09T12:44:27","guid":{"rendered":"https:\/\/cmacademy.events\/news-in-conference-manager\/"},"modified":"2026-03-13T14:38:27","modified_gmt":"2026-03-13T14:38:27","slug":"news-in-conference-manager","status":"publish","type":"page","link":"https:\/\/cmacademy.events\/sv\/news-in-conference-manager\/","title":{"rendered":"Nyheter i Conference Manager"},"content":{"rendered":"\n<style> \n  \/* Skjul sidetitel\/header p\u00e5 News (engelsk 3678), Front Page (3895), dansk News (3866), tysk News (3868) og svensk News (3870) *\/\n  article#post-3678 > header.entry-header,\n  article#post-3678 h1.entry-title,\n  article#post-3895 > header.entry-header,\n  article#post-3895 h1.entry-title,\n  article#post-3866 > header.entry-header,\n  article#post-3866 h1.entry-title,\n  article#post-3868 > header.entry-header,\n  article#post-3868 h1.entry-title,\n  article#post-3870 > header.entry-header,\n  article#post-3870 h1.entry-title {\n    display: none !important;\n  }\n\n  \/* Ensartet top-margin efter skjult header *\/\n  article#post-3678 .entry-content,\n  article#post-3895 .entry-content,\n  article#post-3866 .entry-content,\n  article#post-3868 .entry-content,\n  article#post-3870 .entry-content {\n    margin-top: 60px;\n  }\n<\/style>\n\n<div style=\"font-family: 'Titillium Web', sans-serif; color: white; line-height: 1.6; max-width: 700px; margin: 0 auto; text-align: left;\">\n\n  <h2 style=\"color: #9CCC3D; font-size: 1.8rem;\">Nyheter i Conference Manager<\/h2>\n\n<!-- NEW SECTION: Push notifications -->\n<h3 style=\"color: #9CCC3D; font-size: 1.2rem;\">13.03.2026: Pushnotiser \u00e4r nu tillg\u00e4ngliga i CM Events-appen<\/h3>\n<p>\n  <strong>CM Events-appen<\/strong> st\u00f6der nu pushnotiser. Deltagare kan v\u00e4lja att f\u00e5 p\u00e5minnelser innan ett evenemang b\u00f6rjar, s\u00e5 att de enkelt kan h\u00e5lla koll p\u00e5 programmet och undvika att missa viktiga sessioner.\n<\/p>\n<p>\n  Notiser kan st\u00e4llas in till <strong>30 minuter, 1 timme, 3 timmar eller 1 dag<\/strong> innan evenemanget b\u00f6rjar.\n<\/p>\n<p>\n  L\u00e4s mer\n  <a href=\"https:\/\/cmacademy.events\/sv\/knowledge-base\/push-notifications-now-available-in-cm-events-app\/\" class=\"custom-link\">h\u00e4r<\/a>.\n<\/p>\n\n<!-- NEW SECTION: Accommodation tab update -->\n<h3 style=\"color: #9CCC3D; font-size: 1.2rem;\">2026.01.15: Uppdaterad design av Boende-fliken<\/h3>\n<p>\n  <strong>Boende<\/strong>-fliken har uppdaterats med en renare och mer anv\u00e4ndarv\u00e4nlig layout.\n\n  Alla v\u00e4lk\u00e4nda funktioner \u00e4r of\u00f6r\u00e4ndrade, men strukturen \u00e4r f\u00f6rb\u00e4ttrad f\u00f6r att ge dig en tydligare \u00f6versikt \u00f6ver din boende-setup.\n<\/p>\n<p>\n  L\u00e4s mer\n  <a href=\"https:\/\/cmacademy.events\/sv\/knowledge-base\/uppdatering-av-boende-fliken\/\" class=\"custom-link\">h\u00e4r<\/a>.\n<\/p>\n\n\n<!-- NY SEKTION: Eventkategori -->\n<h3 style=\"color: #9CCC3D; font-size: 1.2rem;\">Nyhet: V\u00e4lj eventkategori vid skapande<\/h3>\n<p>\n  Du m\u00e5ste nu v\u00e4lja <strong>eventkategori<\/strong> n\u00e4r du skapar ett nytt evenemang i Conference Manager.  \n  L\u00e4s mer  \n  <a href=\"https:\/\/cmacademy.events\/sv\/knowledge-base\/valj-en-eventkategori-nar-du-skapar-ett-evenemang-i-conference-manager\/\" class=\"custom-link\">h\u00e4r<\/a>.\n<\/p>\n\n\n<!-- Ny sektion: Uppdaterad webbinarie-flik -->\n<h3 style=\"color: #9CCC3D; font-size: 1.2rem;\">Uppdaterad design av Webbinarie-fliken<\/h3>\n<p>\n  <strong>Webbinarie<\/strong>-fliken har f\u00e5tt en uppdaterad och mer anv\u00e4ndarv\u00e4nlig layout.  \nAlla k\u00e4nda funktioner finns kvar, men strukturen har f\u00f6rb\u00e4ttrats s\u00e5 att du f\u00e5r en tydligare \u00f6verblick \u00f6ver dina webbinarier.\n\n<\/p>\n<p>\n  L\u00e4s mer \n  <a href=\"https:\/\/cmacademy.events\/sv\/knowledge-base\/uppdatering-av-fliken-webbinarie\/\" class=\"custom-link\">h\u00e4r<\/a>.\n<\/p>\n\n<!-- NY SEKTION: CM Events-appen -->\n<h3 style=\"color: #9CCC3D; font-size: 1.2rem;\">CM Events-appen kommer att uppdateras<\/h3>\n<p>\n  <strong>CM Events-appen<\/strong> f\u00e5r en ny, tydligare design med smartare navigering och en mer intuitiv upplevelse f\u00f6r deltagarna.  \n  Uppdateringen inneh\u00e5ller en inbyggd FAQ, en f\u00f6rb\u00e4ttrad \u00f6versikt \u00f6ver evenemang och enklare \u00e5tkomst till biljetter och viktig information.\n<\/p>\n<p>\n  L\u00e4s mer \n  <a href=\"https:\/\/cmacademy.events\/sv\/knowledge-base\/cm-events-appen-far-en-uppdatering\/\" class=\"custom-link\">h\u00e4r<\/a>.\n<\/p>\n\n\n  <!-- Nyhet: Website-fliken -->\n  <h3 style=\"color: #9CCC3D; font-size: 1.2rem;\">Uppdaterad design av Website-fliken<\/h3>\n<p>\n  <strong>Website<\/strong>-fliken har f\u00e5tt en ny layout!<br>\n  De v\u00e4lk\u00e4nda funktionerna finns kvar, men de presenteras nu i en ny, strukturerad och anv\u00e4ndarv\u00e4nlig layout.\n<\/p>\n\n  <p>\n    L\u00e4s mer <a href=\"https:\/\/cmacademy.events\/sv\/knowledge-base\/uppdaterad-design-av-website-fliken\/\" class=\"custom-link\">h\u00e4r<\/a>.\n  <\/p>\n\n  <!-- Nyhet: Tv\u00e5faktor-autentisering -->\n  <h3 style=\"color: #9CCC3D; font-size: 1.2rem;\">Tv\u00e5faktor nu via autentiseringsapp<\/h3>\n  <p>\n    F\u00f6r extra kontos\u00e4kerhet anv\u00e4nder Conference Manager nu en autentiseringsapp f\u00f6r tv\u00e5faktor-inloggning.<br>\n    Ist\u00e4llet f\u00f6r SMS bekr\u00e4ftar du med en sexsiffrig kod som genereras i appen \u2013 enkelt, s\u00e4kert och alltid tillg\u00e4ngligt.\n  <\/p>\n  <p>\n    L\u00e4s mer <a href=\"https:\/\/cmacademy.events\/sv\/knowledge-base\/stall-in-tvafaktorsautentisering-med-en-autentiseringsapp\/\" class=\"custom-link\">h\u00e4r<\/a>.\n  <\/p>\n\n  <!-- Allm\u00e4n info -->\n  <h3 style=\"color: #9CCC3D; font-size: 1.2rem;\">Har du fr\u00e5gor?<\/h3>\n  <p>\n    Om du har fr\u00e5gor eller beh\u00f6ver hj\u00e4lp \u00e4r du alltid v\u00e4lkommen att \n    <a href=\"https:\/\/cmacademy.events\/sv\/kontakta-customer-success\/\" class=\"custom-link\">kontakta oss<\/a>.\n  <\/p>\n\n<\/div>\n\n<style>\n  .custom-link:link,\n  .custom-link:visited {\n    color: #9CCC3D;\n    text-decoration: none;\n    transition: color 0.3s ease;\n  }\n\n  .custom-link:hover {\n    color: #1f364d;\n    text-decoration: none;\n  }\n<\/style>\n","protected":false},"excerpt":{"rendered":"<p>Nyheter i Conference Manager 13.03.2026: Pushnotiser \u00e4r nu tillg\u00e4ngliga i CM Events-appen CM Events-appen st\u00f6der nu pushnotiser. Deltagare kan v\u00e4lja att f\u00e5 p\u00e5minnelser innan ett evenemang b\u00f6rjar, s\u00e5 att de enkelt kan h\u00e5lla koll p\u00e5 programmet och undvika att missa viktiga sessioner. Notiser kan st\u00e4llas in till 30 minuter, 1 timme, 3 timmar eller 1 &hellip; <\/p>\n<p class=\"link-more\"><a href=\"https:\/\/cmacademy.events\/sv\/news-in-conference-manager\/\" class=\"more-link\">Forts\u00e4tt l\u00e4sa<span class=\"screen-reader-text\"> \u201dNyheter i Conference Manager\u201d<\/span><\/a><\/p>\n","protected":false},"author":6,"featured_media":0,"parent":0,"menu_order":0,"comment_status":"closed","ping_status":"closed","template":"","meta":{"footnotes":""},"class_list":["post-3870","page","type-page","status-publish","hentry","entry"],"_links":{"self":[{"href":"https:\/\/cmacademy.events\/sv\/wp-json\/wp\/v2\/pages\/3870","targetHints":{"allow":["GET"]}}],"collection":[{"href":"https:\/\/cmacademy.events\/sv\/wp-json\/wp\/v2\/pages"}],"about":[{"href":"https:\/\/cmacademy.events\/sv\/wp-json\/wp\/v2\/types\/page"}],"author":[{"embeddable":true,"href":"https:\/\/cmacademy.events\/sv\/wp-json\/wp\/v2\/users\/6"}],"replies":[{"embeddable":true,"href":"https:\/\/cmacademy.events\/sv\/wp-json\/wp\/v2\/comments?post=3870"}],"version-history":[{"count":31,"href":"https:\/\/cmacademy.events\/sv\/wp-json\/wp\/v2\/pages\/3870\/revisions"}],"predecessor-version":[{"id":12669,"href":"https:\/\/cmacademy.events\/sv\/wp-json\/wp\/v2\/pages\/3870\/revisions\/12669"}],"wp:attachment":[{"href":"https:\/\/cmacademy.events\/sv\/wp-json\/wp\/v2\/media?parent=3870"}],"curies":[{"name":"wp","href":"https:\/\/api.w.org\/{rel}","templated":true}]}}