{"id":398,"date":"2024-10-03T12:11:18","date_gmt":"2024-10-03T12:11:18","guid":{"rendered":"https:\/\/cmacademy.events\/kontakta-customer-success\/"},"modified":"2026-04-13T08:22:21","modified_gmt":"2026-04-13T08:22:21","slug":"kontakta-customer-success","status":"publish","type":"page","link":"https:\/\/cmacademy.events\/sv\/kontakta-customer-success\/","title":{"rendered":""},"content":{"rendered":"\n<!-- CSS fix -->\n<style>\n  a svg {\n    transition: transform 0.3s ease;\n  }\n\n  a:hover svg {\n    transform: scale(1.2);\n  }\n\n  a svg:not(.svg-outline) {\n    fill: white;\n    stroke: none;\n  }\n\n  .svg-outline {\n    stroke: white !important;\n    fill: none !important;\n    stroke-width: 2;\n    stroke-linecap: round;\n    stroke-linejoin: round;\n  }\n<\/style>\n\n<div style=\"max-width: 900px; margin: 0 auto; text-align: center; padding: 2rem; font-family: 'Titillium Web', sans-serif; color: white;\">\n\n  <h2 style=\"color: #9CCC3D; font-size: 2rem; margin-bottom: 1rem;\">Kontakta Customer Success<\/h2>\n\n  <div style=\"max-width: 700px; margin: 0 auto; font-size: 1rem; line-height: 1.6; margin-bottom: 2rem;\">\n    <p>Har du fr\u00e5gor, st\u00f6ter p\u00e5 problem eller beh\u00f6ver hj\u00e4lp med inst\u00e4llningarna? Tveka inte att h\u00f6ra av dig \u2013 v\u00e5rt team finns h\u00e4r f\u00f6r att hj\u00e4lpa dig!<\/p>\n    <p><strong>Email:<\/strong> <a href=\"mailto:support@conferencemanager.se\" style=\"color: #9CCC3D;\">support@conferencemanager.se<\/a><br>\n       <strong>Telefon:<\/strong> +46 812 16 97 30<\/p>\n    <p>Vi g\u00f6r v\u00e5rt b\u00e4sta f\u00f6r att ge dig b\u00e4sta m\u00f6jliga support!<\/p>\n  <\/div>\n\n  <div style=\"display: grid; grid-template-columns: repeat(auto-fit, minmax(200px, 1fr)); gap: 4rem; justify-items: center; max-width: 900px; margin: 0 auto;\">\n\n<!-- Jakob -->\n<div style=\"text-align: center;\">\n  <img decoding=\"async\" src=\"https:\/\/cmacademy.events\/wp-content\/uploads\/2026\/04\/Design-uden-navn-2026-04-13T101720.540.png\" alt=\"Jakob\" style=\"width: 180px; height: 180px; border-radius: 50%; object-fit: cover; background-color: #E6E6E6; margin-bottom: 0.8rem;\">\n  <div style=\"color: #9CCC3D; font-weight: bold;\">Jakob<\/div>\n  <div>Customer Success Manager<br>DK | UK<\/div>\n  <a href=\"https:\/\/www.linkedin.com\/in\/jakob-casta%C3%B1eda-juul-350500265\/\" target=\"_blank\" rel=\"noopener noreferrer\" aria-label=\"LinkedIn\" style=\"display: inline-block; margin-top: 0.5rem;\">\n    <svg xmlns=\"http:\/\/www.w3.org\/2000\/svg\" width=\"26\" height=\"26\" fill=\"white\" viewBox=\"0 0 24 24\">\n      <path d=\"M19 0h-14C2.24 0 0 2.24 0 5v14c0 2.76 2.24 5 5 5h14c2.76 0 5-2.24 5-5V5c0-2.76-2.24-5-5-5zM7 19H4v-10h3v10zm-1.5-11.27c-.97 \n      0-1.75-.79-1.75-1.76s.78-1.76 \n      1.75-1.76 1.75.79 1.75 1.76-.78 \n      1.76-1.75 1.76zm13.5 11.27h-3v-5.6c0-3.34-4-3.09-4 \n      0v5.6h-3v-10h3v1.54c1.4-2.58 \n      7-2.77 7 2.47v6z\"\/>\n    <\/svg>\n  <\/a>\n<\/div>\n\n<!-- Randi -->\n<div style=\"text-align: center;\">\n  <img decoding=\"async\" src=\"https:\/\/cmacademy.events\/wp-content\/uploads\/2025\/07\/Untitled-design-2.png\" alt=\"Randi\" style=\"width: 180px; height: 180px; border-radius: 50%; object-fit: cover; background-color: #E6E6E6; margin-bottom: 0.8rem;\">\n  <div style=\"color: #9CCC3D; font-weight: bold;\">Randi<\/div>\n  <div>Customer Success Manager<br>DE | UK<\/div>\n  <a href=\"https:\/\/www.linkedin.com\/in\/randi-selnes\" target=\"_blank\" aria-label=\"LinkedIn\" style=\"display: inline-block; margin-top: 0.5rem;\">\n    <svg xmlns=\"http:\/\/www.w3.org\/2000\/svg\" width=\"26\" height=\"26\" fill=\"white\" viewBox=\"0 0 24 24\">\n      <path d=\"M19 0h-14C2.24 0 0 2.24 0 5v14c0 2.76 2.24 5 5 5h14c2.76 0 5-2.24 5-5V5c0-2.76-2.24-5-5-5zM7 19H4v-10h3v10zm-1.5-11.27c-.97 \n      0-1.75-.79-1.75-1.76s.78-1.76 \n      1.75-1.76 1.75.79 1.75 1.76-.78 \n      1.76-1.75 1.76zm13.5 11.27h-3v-5.6c0-3.34-4-3.09-4 \n      0v5.6h-3v-10h3v1.54c1.4-2.58 \n      7-2.77 7 2.47v6z\"\/>\n    <\/svg>\n  <\/a>\n<\/div>\n\n    <!-- Elisabeth -->\n    <div style=\"text-align: center;\">\n      <img decoding=\"async\" src=\"https:\/\/cmacademy.events\/wp-content\/uploads\/2025\/05\/Design-uden-navn-41.png\" alt=\"Elisabeth\" style=\"width: 180px; height: 180px; border-radius: 50%; object-fit: cover; margin-bottom: 0.8rem;\">\n      <div style=\"color: #9CCC3D; font-weight: bold;\">Elisabeth<\/div>\n      <div>Customer Success Manager<br>DE | DK | UK<\/div>\n      <a href=\"https:\/\/www.linkedin.com\/in\/elisabeth-bjorn-andersen-b1a27b171\/\" target=\"_blank\" aria-label=\"LinkedIn\" style=\"display: inline-block; margin-top: 0.5rem;\">\n        <!-- LinkedIn icon -->\n        <svg xmlns=\"http:\/\/www.w3.org\/2000\/svg\" width=\"26\" height=\"26\" fill=\"white\" viewBox=\"0 0 24 24\">\n          <path d=\"M19 0h-14C2.24 0 0 2.24 0 5v14c0 2.76 2.24 5 5 5h14c2.76 0 5-2.24 5-5V5c0-2.76-2.24-5-5-5zM7 19H4v-10h3v10zm-1.5-11.27c-.97 \n          0-1.75-.79-1.75-1.76s.78-1.76 \n          1.75-1.76 1.75.79 1.75 1.76-.78 \n          1.76-1.75 1.76zm13.5 11.27h-3v-5.6c0-3.34-4-3.09-4 \n          0v5.6h-3v-10h3v1.54c1.4-2.58 \n          7-2.77 7 2.47v6z\"\/>\n        <\/svg>\n      <\/a>\n    <\/div>\n\n    <!-- Sofia -->\n    <div style=\"text-align: center;\">\n      <img decoding=\"async\" src=\"https:\/\/cmacademy.events\/wp-content\/uploads\/2025\/03\/Sofia-Square-Profile-Image-2.png\" alt=\"Sofia\" style=\"width: 180px; height: 180px; border-radius: 50%; object-fit: cover; margin-bottom: 0.8rem;\">\n      <div style=\"color: #9CCC3D; font-weight: bold;\">Sofia<\/div>\n      <div>Customer Success Manager<br>SE | DK | UK<\/div>\n      <a href=\"https:\/\/www.linkedin.com\/in\/sofia-gunilla-bergendal-0ba07b61\/\" target=\"_blank\" aria-label=\"LinkedIn\" style=\"display: inline-block; margin-top: 0.5rem;\">\n        <svg xmlns=\"http:\/\/www.w3.org\/2000\/svg\" width=\"26\" height=\"26\" fill=\"white\" viewBox=\"0 0 24 24\">\n          <path d=\"M19 0h-14C2.24 0 0 2.24 0 5v14c0 2.76 2.24 5 5 5h14c2.76 0 5-2.24 5-5V5c0-2.76-2.24-5-5-5zM7 19H4v-10h3v10zm-1.5-11.27c-.97 \n          0-1.75-.79-1.75-1.76s.78-1.76 \n          1.75-1.76 1.75.79 1.75 1.76-.78 \n          1.76-1.75 1.76zm13.5 11.27h-3v-5.6c0-3.34-4-3.09-4 \n          0v5.6h-3v-10h3v1.54c1.4-2.58 \n          7-2.77 7 2.47v6z\"\/>\n        <\/svg>\n      <\/a>\n    <\/div>\n\n    <!-- S\u00f8ren -->\n    <div style=\"text-align: center;\">\n      <img decoding=\"async\" src=\"https:\/\/cmacademy.events\/wp-content\/uploads\/2025\/03\/Soren-Square-Profile-Image.png\" alt=\"S\u00f8ren\" style=\"width: 180px; height: 180px; border-radius: 50%; object-fit: cover; margin-bottom: 0.8rem;\">\n      <div style=\"color: #9CCC3D; font-weight: bold;\">S\u00f8ren<\/div>\n      <div>Customer Success Manager<br>DE | DK | UK<\/div>\n      <a href=\"https:\/\/www.linkedin.com\/in\/s%C3%B8ren-olsen-6519b\/\" target=\"_blank\" aria-label=\"LinkedIn\" style=\"display: inline-block; margin-top: 0.5rem;\">\n        <!-- LinkedIn icon reused -->\n        <svg xmlns=\"http:\/\/www.w3.org\/2000\/svg\" width=\"26\" height=\"26\" fill=\"white\" viewBox=\"0 0 24 24\">\n          <path d=\"M19 0h-14C2.24 0 0 2.24 0 5v14c0 2.76 2.24 5 5 5h14c2.76 0 5-2.24 5-5V5c0-2.76-2.24-5-5-5zM7 19H4v-10h3v10zm-1.5-11.27c-.97 \n          0-1.75-.79-1.75-1.76s.78-1.76 \n          1.75-1.76 1.75.79 1.75 1.76-.78 \n          1.76-1.75 1.76zm13.5 11.27h-3v-5.6c0-3.34-4-3.09-4 \n          0v5.6h-3v-10h3v1.54c1.4-2.58 \n          7-2.77 7 2.47v6z\"\/>\n        <\/svg>\n      <\/a>\n    <\/div>\n\n    <!-- Rune -->\n    <div style=\"text-align: center;\">\n      <img decoding=\"async\" src=\"https:\/\/cmacademy.events\/wp-content\/uploads\/2025\/03\/Rune-Square-Profile-Image-3.png\" alt=\"Rune\" style=\"width: 180px; height: 180px; border-radius: 50%; object-fit: cover; margin-bottom: 0.8rem;\">\n      <div style=\"color: #9CCC3D; font-weight: bold;\">Rune<\/div>\n      <div>Customer Enablement Manager<br>DK | UK<\/div>\n      <a href=\"https:\/\/linkedin.com\/in\/runeroskjaer\" target=\"_blank\" aria-label=\"LinkedIn\" style=\"display: inline-block; margin-top: 0.5rem;\">\n        <!-- LinkedIn icon reused -->\n        <svg xmlns=\"http:\/\/www.w3.org\/2000\/svg\" width=\"26\" height=\"26\" fill=\"white\" viewBox=\"0 0 24 24\">\n          <path d=\"M19 0h-14C2.24 0 0 2.24 0 5v14c0 2.76 2.24 5 5 5h14c2.76 0 5-2.24 5-5V5c0-2.76-2.24-5-5-5zM7 19H4v-10h3v10zm-1.5-11.27c-.97 \n          0-1.75-.79-1.75-1.76s.78-1.76 \n          1.75-1.76 1.75.79 1.75 1.76-.78 \n          1.76-1.75 1.76zm13.5 11.27h-3v-5.6c0-3.34-4-3.09-4 \n          0v5.6h-3v-10h3v1.54c1.4-2.58 \n          7-2.77 7 2.47v6z\"\/>\n        <\/svg>\n      <\/a>\n    <\/div>\n\n    <!-- Trine -->\n    <div style=\"text-align: center;\">\n      <img decoding=\"async\" src=\"https:\/\/cmacademy.events\/wp-content\/uploads\/2025\/03\/Trine-Square-Profile-Image.png\" alt=\"Trine\" style=\"width: 180px; height: 180px; border-radius: 50%; object-fit: cover; margin-bottom: 0.8rem;\">\n      <div style=\"color: #9CCC3D; font-weight: bold;\">Trine<\/div>\n      <div>Head of Customer Success &#038; Enablement<br>SE | DK | UK<\/div>\n      <a href=\"https:\/\/www.linkedin.com\/in\/trine-eckart-hansen-055950ba\/\" target=\"_blank\" aria-label=\"LinkedIn\" style=\"display: inline-block; margin-top: 0.5rem;\">\n        <!-- LinkedIn icon reused -->\n        <svg xmlns=\"http:\/\/www.w3.org\/2000\/svg\" width=\"26\" height=\"26\" fill=\"white\" viewBox=\"0 0 24 24\">\n          <path d=\"M19 0h-14C2.24 0 0 2.24 0 5v14c0 2.76 2.24 5 5 5h14c2.76 0 5-2.24 5-5V5c0-2.76-2.24-5-5-5zM7 19H4v-10h3v10zm-1.5-11.27c-.97 \n          0-1.75-.79-1.75-1.76s.78-1.76 \n          1.75-1.76 1.75.79 1.75 1.76-.78 \n          1.76-1.75 1.76zm13.5 11.27h-3v-5.6c0-3.34-4-3.09-4 \n          0v5.6h-3v-10h3v1.54c1.4-2.58 \n          7-2.77 7 2.47v6z\"\/>\n        <\/svg>\n      <\/a>\n    <\/div>\n\n  <\/div>\n\n  <!-- Footer -->\n  <div style=\"text-align: center; margin-top: 5rem;\">\n    <p style=\"color: white; font-size: 1.2rem; margin-bottom: 1rem;\">Hitta oss online<\/p>\n    <div style=\"display: flex; justify-content: center; gap: 2rem; flex-wrap: wrap;\">\n      <!-- LinkedIn -->\n      <a href=\"https:\/\/www.linkedin.com\/company\/conferencemanager-as\/\" target=\"_blank\" aria-label=\"LinkedIn\">\n        <svg xmlns=\"http:\/\/www.w3.org\/2000\/svg\" width=\"26\" height=\"26\" viewBox=\"0 0 24 24\">\n          <path d=\"M19 0h-14C2.24 0 0 2.24 0 5v14c0 \n          2.76 2.24 5 5 5h14c2.76 0 5-2.24 \n          5-5V5c0-2.76-2.24-5-5-5zM7 19H4v-10h3v10zm-1.5-11.27c-.97 \n          0-1.75-.79-1.75-1.76s.78-1.76 \n          1.75-1.76 1.75.79 1.75 1.76-.78 \n          1.76-1.75 1.76zm13.5 11.27h-3v-5.6c0-3.34-4-3.09-4 \n          0v5.6h-3v-10h3v1.54c1.4-2.58 \n          7-2.77 7 2.47v6z\"\/>\n        <\/svg>\n      <\/a>\n\n      <!-- Instagram -->\n      <a href=\"https:\/\/www.instagram.com\/conferencemanager\" target=\"_blank\" aria-label=\"Instagram\">\n        <svg xmlns=\"http:\/\/www.w3.org\/2000\/svg\" width=\"29\" height=\"29\" viewBox=\"0 0 24 24\" class=\"svg-outline\">\n          <rect x=\"2\" y=\"2\" width=\"20\" height=\"20\" rx=\"5\" ry=\"5\"\/>\n          <path d=\"M16 11.37A4 4 0 1 1 12.63 8 4 4 0 0 1 16 11.37z\"\/>\n          <line x1=\"17.5\" y1=\"6.5\" x2=\"17.51\" y2=\"6.5\"\/>\n        <\/svg>\n      <\/a>\n\n      <!-- Website -->\n      <a href=\"https:\/\/conferencemanager.se\" target=\"_blank\" aria-label=\"Website\">\n        <svg xmlns=\"http:\/\/www.w3.org\/2000\/svg\" width=\"30\" height=\"30\" viewBox=\"0 0 24 24\" class=\"svg-outline\">\n          <circle cx=\"12\" cy=\"12\" r=\"10\"\/>\n          <path d=\"M2 12h20\"\/>\n          <path d=\"M12 2a15.3 15.3 0 0 1 0 20\"\/>\n          <path d=\"M12 2a15.3 15.3 0 0 0 0 20\"\/>\n        <\/svg>\n      <\/a>\n    <\/div>\n  <\/div>\n\n<\/div>\n","protected":false},"excerpt":{"rendered":"<p>Kontakta Customer Success Har du fr\u00e5gor, st\u00f6ter p\u00e5 problem eller beh\u00f6ver hj\u00e4lp med inst\u00e4llningarna? Tveka inte att h\u00f6ra av dig \u2013 v\u00e5rt team finns h\u00e4r f\u00f6r att hj\u00e4lpa dig! Email: support@conferencemanager.se Telefon: +46 812 16 97 30 Vi g\u00f6r v\u00e5rt b\u00e4sta f\u00f6r att ge dig b\u00e4sta m\u00f6jliga support! Jakob Customer Success ManagerDK | UK Randi &hellip; <\/p>\n<p class=\"link-more\"><a href=\"https:\/\/cmacademy.events\/sv\/kontakta-customer-success\/\" class=\"more-link\">Forts\u00e4tt l\u00e4sa<span class=\"screen-reader-text\"> \u201d\u201d<\/span><\/a><\/p>\n","protected":false},"author":2,"featured_media":0,"parent":0,"menu_order":0,"comment_status":"closed","ping_status":"closed","template":"","meta":{"footnotes":""},"class_list":["post-398","page","type-page","status-publish","hentry","entry"],"_links":{"self":[{"href":"https:\/\/cmacademy.events\/sv\/wp-json\/wp\/v2\/pages\/398","targetHints":{"allow":["GET"]}}],"collection":[{"href":"https:\/\/cmacademy.events\/sv\/wp-json\/wp\/v2\/pages"}],"about":[{"href":"https:\/\/cmacademy.events\/sv\/wp-json\/wp\/v2\/types\/page"}],"author":[{"embeddable":true,"href":"https:\/\/cmacademy.events\/sv\/wp-json\/wp\/v2\/users\/2"}],"replies":[{"embeddable":true,"href":"https:\/\/cmacademy.events\/sv\/wp-json\/wp\/v2\/comments?post=398"}],"version-history":[{"count":28,"href":"https:\/\/cmacademy.events\/sv\/wp-json\/wp\/v2\/pages\/398\/revisions"}],"predecessor-version":[{"id":13202,"href":"https:\/\/cmacademy.events\/sv\/wp-json\/wp\/v2\/pages\/398\/revisions\/13202"}],"wp:attachment":[{"href":"https:\/\/cmacademy.events\/sv\/wp-json\/wp\/v2\/media?parent=398"}],"curies":[{"name":"wp","href":"https:\/\/api.w.org\/{rel}","templated":true}]}}