{"id":4956,"date":"2025-04-22T06:51:45","date_gmt":"2025-04-22T06:51:45","guid":{"rendered":"https:\/\/cmacademy.events\/4956-2\/"},"modified":"2026-01-23T18:14:17","modified_gmt":"2026-01-23T18:14:17","slug":"4956-2","status":"publish","type":"page","link":"https:\/\/cmacademy.events\/sv\/","title":{"rendered":""},"content":{"rendered":"\n<!-- Wrapper -->\n<div class=\"main-wrapper\">\n\n\n\n  <!-- Extra luft ovanf\u00f6r inneh\u00e5llet -->\n  <div style=\"height: 1.7rem;\"><\/div>\n\n  <!-- Inneh\u00e5ll -->\n  <div class=\"grid-wrapper\">\n    <div class=\"layout-grid\">\n\n      <!-- V\u00e4nster kolumn -->\n      <div class=\"left-column\">\n\n        <a href=\"https:\/\/cmacademy.events\/sv\/article-categories\/kom-igang\/\" class=\"category-box-link\">\n          <div class=\"category-box\" style=\"animation-delay: 0.2s;\">\n            <img decoding=\"async\" src=\"https:\/\/cmacademy.events\/wp-content\/uploads\/2025\/05\/iconmonstr-rocket-20-240.png\" alt=\"Kom ig\u00e5ng\" class=\"icon\" style=\"width: 48px; height: 48px;\">\n            <div class=\"box-content\">\n              <h2>Kom ig\u00e5ng<\/h2>\n              <p>Kom ig\u00e5ng med plattformen steg f\u00f6r steg<\/p>\n            <\/div>\n          <\/div>\n        <\/a>\n\n        <a href=\"https:\/\/cmacademy.events\/sv\/article-categories\/videos-sv\/\" class=\"category-box-link\">\n          <div class=\"category-box\" style=\"animation-delay: 0.6s;\">\n            <img decoding=\"async\" src=\"https:\/\/cmacademy.events\/wp-content\/uploads\/2025\/05\/iconmonstr-youtube-8-240.png\" alt=\"Videor\" class=\"icon\" style=\"width: 48px; height: 48px;\">\n            <div class=\"box-content\">\n              <h2>Videor<\/h2>\n              <p>Titta p\u00e5 hands-on-guider och genomg\u00e5ngar<\/p>\n            <\/div>\n          <\/div>\n        <\/a>\n\n        <a href=\"https:\/\/cmacademy.events\/sv\/article-categories\/vanliga-fragor\/\" class=\"category-box-link\">\n          <div class=\"category-box\" style=\"animation-delay: 1.0s;\">\n            <img decoding=\"async\" src=\"https:\/\/cmacademy.events\/wp-content\/uploads\/2025\/05\/iconmonstr-help-5-240.png\" alt=\"Vanliga fr\u00e5gor\" class=\"icon\" style=\"width: 48px; height: 48px;\">\n            <div class=\"box-content\">\n              <h2>FAQ<\/h2>\n              <p>L\u00e4s korta svar p\u00e5 vanliga fr\u00e5gor<\/p>\n            <\/div>\n          <\/div>\n        <\/a>\n\n        <a href=\"https:\/\/cmacademy.events\/sv\/article-categories\/artiklar-for-support\/\" class=\"category-box-link\">\n          <div class=\"category-box\" style=\"animation-delay: 1.4s;\">\n            <img decoding=\"async\" src=\"https:\/\/cmacademy.events\/wp-content\/uploads\/2025\/05\/iconmonstr-delivery-8-240.png\" alt=\"Supportartiklar\" class=\"icon\" style=\"width: 48px; height: 48px;\">\n            <div class=\"box-content\">\n              <h2>Supportartiklar<\/h2>\n              <p>Detaljerade guider till hur du anv\u00e4nder plattformen<\/p>\n            <\/div>\n          <\/div>\n        <\/a>\n\n        <a href=\"https:\/\/cmacademy.events\/sv\/knowledge-base\/brochures-2\/\" class=\"category-box-link\">\n          <div class=\"category-box\" style=\"animation-delay: 1.8s;\">\n            <img decoding=\"async\" src=\"https:\/\/cmacademy.events\/wp-content\/uploads\/2025\/05\/iconmonstr-file-38-240.png\" alt=\"Resurser\" class=\"icon\" style=\"width: 48px; height: 48px;\">\n            <div class=\"box-content\">\n              <h2>Resurser<\/h2>\n              <p>Ladda ner broschyrer om v\u00e5ra produkter<\/p>\n            <\/div>\n          <\/div>\n        <\/a>\n\n        <a href=\"https:\/\/cmacademy.events\/sv\/article-categories\/blog-sv\/\" class=\"category-box-link\">\n          <div class=\"category-box\" style=\"animation-delay: 2.2s;\">\n            <img decoding=\"async\" src=\"https:\/\/cmacademy.events\/wp-content\/uploads\/2025\/05\/iconmonstr-pencil-8-240.png\" alt=\"Blogg\" class=\"icon\" style=\"width: 48px; height: 48px;\">\n            <div class=\"box-content\">\n              <h2>Blogg<\/h2>\n              <p>Utforska tips, nyheter och best practices<\/p>\n            <\/div>\n          <\/div>\n        <\/a>\n\n      <\/div>\n\n      <!-- H\u00f6ger kolumn -->\n      <div class=\"right-column\">\n\n<!-- Tip of the Week (auto-updated every Tuesday) -->\n<div id=\"weekly-tip\"><\/div>\n\n<script>\nconst tips = [\n  { text: \"Visste du att dina evenemang kan sparas i upp till 60 m\u00e5nader \u2013 och att du kan kopiera inst\u00e4llningarna till nya evenemang med ett klick?\", name: \"Trine\", img: \"https:\/\/cmacademy.events\/wp-content\/uploads\/2025\/04\/image-3.png\" },\n  { text: \"Visste du att CMPM-utbetalningar kan hanteras automatiskt en g\u00e5ng i m\u00e5naden \u2013 eller att du sj\u00e4lv kan starta utbetalningen n\u00e4r det passar dig?\", name: \"Gu\u00f0ri\u00f0\", img: \"https:\/\/cmacademy.events\/wp-content\/uploads\/2025\/04\/image-5.png\" },\n  { text: \"Visste du att din designmall kan sparas i Website Designer s\u00e5 att du enkelt kan \u00e5teranv\u00e4nda den till framtida evenemang?\", name: \"Rune\", img: \"https:\/\/cmacademy.events\/wp-content\/uploads\/2025\/04\/image-4.png\" },\n  { text: \"Visste du att du kan skapa v\u00e4ntelistor s\u00e5 att personer automatiskt f\u00e5r besked n\u00e4r platser blir lediga?\", name: \"Sofia\", img: \"https:\/\/cmacademy.events\/wp-content\/uploads\/2025\/04\/image.png\" },\n  { text: \"Visste du att du kan anv\u00e4nda din egen e-postdom\u00e4n n\u00e4r du skickar inbjudningar, bekr\u00e4ftelser och mer?\", name: \"S\u00f8ren\", img: \"https:\/\/cmacademy.events\/wp-content\/uploads\/2025\/03\/Soren-Square-Profile-Image.png\" },\n  { text: \"Visste du att du kan skicka personliga e-postmeddelanden med deltagarnamn genom att anv\u00e4nda platsh\u00e5llare?\", name: \"Elisabeth\", img: \"https:\/\/cmacademy.events\/wp-content\/uploads\/2025\/05\/Design-uden-navn-41.png\" },\n  { text: \"Visste du att du kan anv\u00e4nda din egen dom\u00e4n f\u00f6r din evenemangssida?\", name: \"Trine\", img: \"https:\/\/cmacademy.events\/wp-content\/uploads\/2025\/04\/image-3.png\" },\n  { text: \"Visste du att du kan skicka fakturor direkt i Conference Manager?\", name: \"Gu\u00f0ri\u00f0\", img: \"https:\/\/cmacademy.events\/wp-content\/uploads\/2025\/04\/image-5.png\" },\n  { text: \"Visste du att du kan skicka kalenderinbjudningar direkt i Conference Manager?\", name: \"Sofia\", img: \"https:\/\/cmacademy.events\/wp-content\/uploads\/2025\/04\/image.png\" },\n  { text: \"Visste du att du kan integrera din egen betall\u00f6sning s\u00e5 att deltagarna betalar direkt till dig?\", name: \"Sofia\", img: \"https:\/\/cmacademy.events\/wp-content\/uploads\/2025\/04\/image.png\" },\n  { text: \"Visste du att du kan skicka personliga certifikat via avsnittet Material?\", name: \"S\u00f8ren\", img: \"https:\/\/cmacademy.events\/wp-content\/uploads\/2025\/03\/Soren-Square-Profile-Image.png\" },\n  { text: \"Visste du att du kan skicka p\u00e5minnelser och sista minuten-uppdateringar som SMS direkt i Conference Manager?\", name: \"Elisabeth\", img: \"https:\/\/cmacademy.events\/wp-content\/uploads\/2025\/05\/Design-uden-navn-41.png\" },\n  { text: \"Visste du att du kan genomf\u00f6ra live-omr\u00f6stningar med hj\u00e4lp av CM Events-appen?\", name: \"Trine\", img: \"https:\/\/cmacademy.events\/wp-content\/uploads\/2025\/04\/image-3.png\" },\n  { text: \"Visste du att dina deltagare kan v\u00e4lja en specifik plats n\u00e4r de registrerar sig?\", name: \"Gu\u00f0ri\u00f0\", img: \"https:\/\/cmacademy.events\/wp-content\/uploads\/2025\/04\/image-5.png\" },\n  { text: \"Visste du att du kan ge dina samarbetspartners \u00e5tkomst till relevant information via extern inloggning?\", name: \"Rune\", img: \"https:\/\/cmacademy.events\/wp-content\/uploads\/2025\/04\/image-4.png\" },\n  { text: \"Visste du att du kan skapa namnskyltar och placeringskort till dina deltagare i avsnittet Material?\", name: \"Sofia\", img: \"https:\/\/cmacademy.events\/wp-content\/uploads\/2025\/04\/image.png\" },\n  { text: \"Visste du att du kan aktivera aviseringar f\u00f6r dina evenemang?\", name: \"S\u00f8ren\", img: \"https:\/\/cmacademy.events\/wp-content\/uploads\/2025\/03\/Soren-Square-Profile-Image.png\" },\n  { text: \"Visste du att du kan best\u00e4lla egna typsnitt f\u00f6r anv\u00e4ndning p\u00e5 dina evenemangssidor?\", name: \"Elisabeth\", img: \"https:\/\/cmacademy.events\/wp-content\/uploads\/2025\/05\/Design-uden-navn-41.png\" },\n  { text: \"Visste du att du kan be deltagare att ladda upp material (till exempel abstracts) innan de f\u00e5r registrera sig?\", name: \"Trine\", img: \"https:\/\/cmacademy.events\/wp-content\/uploads\/2025\/04\/image-3.png\" },\n  { text: \"Visste du att du kan boka konsulttimmar f\u00f6r hj\u00e4lp med upps\u00e4ttning, design eller avancerade funktioner \u2013 hos dig eller hos oss?\", name: \"Gu\u00f0ri\u00f0\", img: \"https:\/\/cmacademy.events\/wp-content\/uploads\/2025\/04\/image-5.png\" },\n  { text: \"Visste du att du kan kr\u00e4va att alla registreringar godk\u00e4nns av dig innan deltagarna \u00e4r helt registrerade?\", name: \"Rune\", img: \"https:\/\/cmacademy.events\/wp-content\/uploads\/2025\/04\/image-4.png\" },\n  { text: \"Visste du att vi erbjuder certifiering i Conference Manager \u2013 direkt p\u00e5 din arbetsplats?\", name: \"Sofia\", img: \"https:\/\/cmacademy.events\/wp-content\/uploads\/2025\/04\/image.png\" },\n  { text: \"Visste du att du kan l\u00e4gga till deltagaranteckningar som bara \u00e4r synliga f\u00f6r dig och ditt team?\", name: \"S\u00f8ren\", img: \"https:\/\/cmacademy.events\/wp-content\/uploads\/2025\/03\/Soren-Square-Profile-Image.png\" },\n  { text: \"Visste du att vi kan skriva ut dina namnskyltar \u00e5t dig \u2013 s\u00e5 att de \u00e4r klara f\u00f6re evenemanget?\", name: \"Elisabeth\", img: \"https:\/\/cmacademy.events\/wp-content\/uploads\/2025\/05\/Design-uden-navn-41.png\" },\n  { text: \"Visste du att du kan skapa en dold deltagarkategori som \u00e4r gratis \u2013 och generera en specifik l\u00e4nk till den?\", name: \"Trine\", img: \"https:\/\/cmacademy.events\/wp-content\/uploads\/2025\/04\/image-3.png\" },\n  { text: \"Visste du att Conference Manager kan kopplas direkt till ditt HubSpot CRM?\", name: \"Gu\u00f0ri\u00f0\", img: \"https:\/\/cmacademy.events\/wp-content\/uploads\/2025\/04\/image-5.png\" },\n  { text: \"Visste du att du kan skicka ut enk\u00e4ter till dina deltagare i Conference Manager?\", name: \"Rune\", img: \"https:\/\/cmacademy.events\/wp-content\/uploads\/2025\/04\/image-4.png\" },\n  { text: \"Visste du att du kan integrera Conference Manager med dina egna system via API?\", name: \"Sofia\", img: \"https:\/\/cmacademy.events\/wp-content\/uploads\/2025\/04\/image.png\" },\n  { text: \"Visste du att du kan skapa tillval s\u00e5 att deltagare kan k\u00f6pa till exempel mat eller transport?\", name: \"S\u00f8ren\", img: \"https:\/\/cmacademy.events\/wp-content\/uploads\/2025\/03\/Soren-Square-Profile-Image.png\" },\n  { text: \"Visste du att du kan aktivera inloggning med f\u00f6retagskonto via Single Sign-On?\", name: \"Elisabeth\", img: \"https:\/\/cmacademy.events\/wp-content\/uploads\/2025\/05\/Design-uden-navn-41.png\" },\n  { text: \"Visste du att dina deltagare kan ladda ner CM Events-appen och f\u00e5 tillg\u00e5ng till b\u00e5de biljett och program d\u00e4r?\", name: \"Trine\", img: \"https:\/\/cmacademy.events\/wp-content\/uploads\/2025\/04\/image-3.png\" },\n  { text: \"Visste du att du kan best\u00e4lla utskrift p\u00e5 plats och f\u00e5 namnskyltar utskrivna direkt vid incheckningen?\", name: \"Gu\u00f0ri\u00f0\", img: \"https:\/\/cmacademy.events\/wp-content\/uploads\/2025\/04\/image-5.png\" },\n  { text: \"Visste du att du kan anpassa bekr\u00e4ftelsen f\u00f6r varje deltagarkategori?\", name: \"Rune\", img: \"https:\/\/cmacademy.events\/wp-content\/uploads\/2025\/04\/image-4.png\" }\n];\n\nconst today = new Date();\nconst tuesdayBase = new Date(2024, 0, 2);\nconst diffWeeks = Math.floor((today - tuesdayBase) \/ (7 * 24 * 60 * 60 * 1000));\nconst index = diffWeeks % tips.length;\nconst tip = tips[index];\n\ndocument.getElementById(\"weekly-tip\").innerHTML = `\n  <div style=\"background: linear-gradient(135deg, #185ABC, #9CCC3D); padding: 1.5rem; border-radius: 12px; box-shadow: 0 4px 10px rgba(0,0,0,0.1); color: white; font-family: 'Titillium Web', sans-serif; max-width: 300px; text-align: left; margin-left: -1px; margin-bottom: 0.25rem;\">\n    <div style=\"display: contents;\">\n      <h3 style=\"margin-top: 0; margin-bottom: 0.85rem; font-size: 1.3rem; font-weight: 700; color: #12202E;\">\n        Veckans tips\n      <\/h3>\n      <p style=\"margin-top: 0; margin-bottom: 1.5rem; font-size: 0.95rem;\">\n        ${tip.text}\n      <\/p>\n      <div style=\"display: flex; align-items: center; gap: 0.75rem;\">\n        <img decoding=\"async\" src=\"${tip.img}\" alt=\"${tip.name}\" style=\"width: 36px; height: 36px; border-radius: 50%; flex-shrink: 0;\">\n        <div style=\"font-size: 0.8rem; font-style: italic; line-height: 1.2;\">\n          ${tip.name}<br>fr\u00e5n Customer Success\n        <\/div>\n      <\/div>\n    <\/div>\n  <\/div>\n`;\n<\/script>\n\n\n      <\/div> <!-- end right-column -->\n\n    <\/div> <!-- end layout-grid -->\n  <\/div> <!-- end grid-wrapper -->\n\n<\/div> <!-- end main-wrapper -->\n\n\n\n<p><\/p>\n","protected":false},"excerpt":{"rendered":"<p>Kom ig\u00e5ng Kom ig\u00e5ng med plattformen steg f\u00f6r steg Videor Titta p\u00e5 hands-on-guider och genomg\u00e5ngar FAQ L\u00e4s korta svar p\u00e5 vanliga fr\u00e5gor Supportartiklar Detaljerade guider till hur du anv\u00e4nder plattformen Resurser Ladda ner broschyrer om v\u00e5ra produkter Blogg Utforska tips, nyheter och best practices<\/p>\n","protected":false},"author":6,"featured_media":0,"parent":0,"menu_order":0,"comment_status":"closed","ping_status":"closed","template":"","meta":{"footnotes":""},"class_list":["post-4956","page","type-page","status-publish","hentry","entry"],"_links":{"self":[{"href":"https:\/\/cmacademy.events\/sv\/wp-json\/wp\/v2\/pages\/4956","targetHints":{"allow":["GET"]}}],"collection":[{"href":"https:\/\/cmacademy.events\/sv\/wp-json\/wp\/v2\/pages"}],"about":[{"href":"https:\/\/cmacademy.events\/sv\/wp-json\/wp\/v2\/types\/page"}],"author":[{"embeddable":true,"href":"https:\/\/cmacademy.events\/sv\/wp-json\/wp\/v2\/users\/6"}],"replies":[{"embeddable":true,"href":"https:\/\/cmacademy.events\/sv\/wp-json\/wp\/v2\/comments?post=4956"}],"version-history":[{"count":46,"href":"https:\/\/cmacademy.events\/sv\/wp-json\/wp\/v2\/pages\/4956\/revisions"}],"predecessor-version":[{"id":12342,"href":"https:\/\/cmacademy.events\/sv\/wp-json\/wp\/v2\/pages\/4956\/revisions\/12342"}],"wp:attachment":[{"href":"https:\/\/cmacademy.events\/sv\/wp-json\/wp\/v2\/media?parent=4956"}],"curies":[{"name":"wp","href":"https:\/\/api.w.org\/{rel}","templated":true}]}}